{"id":333,"date":"2018-05-30T13:08:58","date_gmt":"2018-05-30T11:08:58","guid":{"rendered":"http:\/\/eboi.gostynin.powiat.pl\/?page_id=333"},"modified":"2019-02-08T14:51:48","modified_gmt":"2019-02-08T12:51:48","slug":"ab","status":"publish","type":"page","link":"http:\/\/ebok.gostynin.powiat.pl\/?page_id=333","title":{"rendered":"AB"},"content":{"rendered":"<h4>WYDZIA\u0141 ARCHITEKTURY I BUDOWNICTWA<\/h4>\n<p><i class=\"fa fa-home fa-fw\"><\/i> Dmowskiego 13 (Budynek A)<br \/>\n<i class=\"fa fa-home fa-fw\"><\/i> 09-500 Gostynin<br \/>\n<i class=\"fa fa-hand-o-right fa-fw\"><\/i> pok\u00f3j nr 24 (Naczelnik)<br \/>\n<i class=\"fa fa-hand-o-right fa-fw\"><\/i> pok\u00f3j nr 25, 26, 27 ()<br \/>\n<i class=\"fa fa-phone fa-fw\"><\/i> 24 235 79 86 (Naczelnik)<br \/>\n<i class=\"fa fa-phone fa-fw\"><\/i> 24 235 22 74 ()<br \/>\n<i class=\"fa fa-phone fa-fw\"><\/i> 24 235 79 86 ()<br \/>\n<i class=\"fa fa-envelope-o fa-fw\"><\/i> budownictwo@gostynin.powiat.pl<br \/>\n<\/br><br \/>\n<\/br><br \/>\n<\/br><br \/>\n<\/br><br \/>\n<\/br><br \/>\n<\/br><\/p>\n<p style=\"text-align: center;\">STRONA W BUDOWIE<\/p>\n<p>Aktualne formularze znajduj\u0105 si\u0119 pod adresem:<\/p>\n<p><a href=\"http:\/\/gostynin.powiat.pl\/content-component\/article-categories\/599-wydzial-architektury-budownictwa-i-inwestycji\" target=\"_blank\">http:\/\/gostynin.powiat.pl\/content-component\/article-categories\/599-wydzial-architektury-budownictwa-i-inwestycji<\/a><\/p>\n","protected":false},"excerpt":{"rendered":"<p>WYDZIA\u0141 ARCHITEKTURY I BUDOWNICTWA Dmowskiego 13 (Budynek A) 09-500 Gostynin pok\u00f3j nr 24 (Naczelnik) pok\u00f3j nr 25, 26, 27 () 24 235 79 86 (Naczelnik) 24 235 22 74 () 24 235 79 86 () budownictwo@gostynin.powiat.pl STRONA W BUDOWIE Aktualne formularze znajduj\u0105 si\u0119 pod adresem: http:\/\/gostynin.powiat.pl\/content-component\/article-categories\/599-wydzial-architektury-budownictwa-i-inwestycji<\/p>\n","protected":false},"author":1,"featured_media":0,"parent":0,"menu_order":0,"comment_status":"closed","ping_status":"closed","template":"fullwidth.php","meta":[],"_links":{"self":[{"href":"http:\/\/ebok.gostynin.powiat.pl\/index.php?rest_route=\/wp\/v2\/pages\/333"}],"collection":[{"href":"http:\/\/ebok.gostynin.powiat.pl\/index.php?rest_route=\/wp\/v2\/pages"}],"about":[{"href":"http:\/\/ebok.gostynin.powiat.pl\/index.php?rest_route=\/wp\/v2\/types\/page"}],"author":[{"embeddable":true,"href":"http:\/\/ebok.gostynin.powiat.pl\/index.php?rest_route=\/wp\/v2\/users\/1"}],"replies":[{"embeddable":true,"href":"http:\/\/ebok.gostynin.powiat.pl\/index.php?rest_route=%2Fwp%2Fv2%2Fcomments&post=333"}],"version-history":[{"count":13,"href":"http:\/\/ebok.gostynin.powiat.pl\/index.php?rest_route=\/wp\/v2\/pages\/333\/revisions"}],"predecessor-version":[{"id":675,"href":"http:\/\/ebok.gostynin.powiat.pl\/index.php?rest_route=\/wp\/v2\/pages\/333\/revisions\/675"}],"wp:attachment":[{"href":"http:\/\/ebok.gostynin.powiat.pl\/index.php?rest_route=%2Fwp%2Fv2%2Fmedia&parent=333"}],"curies":[{"name":"wp","href":"https:\/\/api.w.org\/{rel}","templated":true}]}}