{"id":624,"date":"2019-01-22T15:20:36","date_gmt":"2019-01-22T13:20:36","guid":{"rendered":"http:\/\/ebok.gostynin.powiat.pl\/?page_id=624"},"modified":"2019-01-22T15:38:59","modified_gmt":"2019-01-22T13:38:59","slug":"dt_transport_03","status":"publish","type":"page","link":"http:\/\/ebok.gostynin.powiat.pl\/?page_id=624","title":{"rendered":"DT_transport_03"},"content":{"rendered":"<p><span style=\"text-decoration: underline;\"><strong><br \/>\nWYDANIE ZA\u015aWIADCZENIA O LICZBIE POJAZD\u00d3W, DLA KT\u00d3RYCH ZOSTA\u0141 UDOKUMENTOWANY WYM\u00d3G ZDOLNO\u015aCI FINANSOWEJ<br \/>\n<\/strong><\/span><\/p>\n<p><strong><br \/>\nWYMAGANE DOKUMENTY:<br \/>\n<\/strong><\/p>\n<ul>\n<li>wniosek o wydanie za\u015bwiadczenia, <\/li>\n<li>dokumenty potwierdzaj\u0105ce spe\u0142nienie warunk\u00f3w, o kt\u00f3rych mowa w art. 7 rozporz\u0105dzenia (WE) nr 1071\/2009 &#8211; znajdowanie si\u0119 w sytuacji finansowej zapewniaj\u0105cej podj\u0119cie i prowadzenie dzia\u0142alno\u015bci gospodarczej w zakresie transportu drogowego okre\u015blonej dost\u0119pnymi \u015brodkami finansowymi lub maj\u0105tkiem w wysoko\u015bci: &#8211; 9 tys. euro na pierwszy pojazd samochodowy przeznaczony do transportu drogowego, &#8211; 5 tys. euro na ka\u017cdy nast\u0119pny pojazd samochodowy (roczne sprawozdanie finansowe po\u015bwiadczone przez audytora lub odpowiednio upowa\u017cnion\u0105 osob\u0119 lub zabezpieczenie takie jak gwarancja bankowa lub ubezpieczenie, w tym ubezpieczenie odpowiedzialno\u015bci zawodowej z jednego lub kilku bank\u00f3w lub innych instytucji finansowych, w tym przedsi\u0119biorstw ubezpieczeniowych, sk\u0142adaj\u0105cych solidarn\u0105 gwarancj\u0119 za przedsi\u0119biorstwo) &#8211; w przypadku braku aktualnego dokumentu w ewidencji Starosty, <\/li>\n<li>dow\u00f3d uiszczenia op\u0142aty skarbowej za wydanie za\u015bwiadczenia, <\/li>\n<li>dow\u00f3d osobisty (do wgl\u0105du, dotyczy osoby fizycznej), <\/li>\n<li>udzielone pe\u0142nomocnictwo do za\u0142atwiania spraw \u2013 je\u017celi jest wymagane, <\/li>\n<\/ul>\n<p><strong><\/p>\n<hr\/>\n<p>DRUKI DO POBRANIA:<br \/>\n<\/strong><\/p>\n<table id=\"druki\">\n<tr>\n<td>&nbsp;&nbsp;&nbsp;&nbsp;&nbsp;<\/td>\n<td><a href=\"img\/druki\/dt\/dt8z.pdf\"><img decoding=\"async\" src=\"img\/pdf.png\"><\/a>&nbsp;&nbsp;<\/td>\n<td>Wniosek o wydanie za\u015bwiadczenia&nbsp;&nbsp;&nbsp;&nbsp;&nbsp;&nbsp;<\/td>\n<\/tr>\n<tr>\n<td>&nbsp;<\/td>\n<td><a href=\"img\/druki\/wk\/pelnomoc.pdf\"><img decoding=\"async\" src=\"img\/pdf.png\"><\/a>&nbsp;&nbsp;<\/td>\n<td>Druk pe\u0142nomocnictwa<\/td>\n<\/tr>\n<\/table>\n<hr\/>\n<ul class=\"nav nav-pills\">\n<li class=\"nav-item\"><a class=\"nav-link active\" href=\"#miejsce\" data-toggle=\"tab\">MIEJSCE Z\u0141O\u017bENIA<br \/>\n<\/a><\/li>\n<li class=\"nav-item\"><a class=\"nav-link\" href=\"#oplaty\" data-toggle=\"tab\">OP\u0141ATY<br \/>\n<\/a><\/li>\n<li class=\"nav-item\"><a class=\"nav-link\" href=\"#podstawa\" data-toggle=\"tab\">PODSTAWA PRAWNA<br \/>\n<\/a><\/li>\n<li class=\"nav-item\"><a class=\"nav-link\" href=\"#tryb\" data-toggle=\"tab\">TRYB ZA\u0141ATWIENIA<br \/>\n<\/a><\/li>\n<li class=\"nav-item\"><a class=\"nav-link\" href=\"#termin\" data-toggle=\"tab\">TERMIN ZA\u0141ATWIENIA<br \/>\n<\/a><\/li>\n<li class=\"nav-item\"><a class=\"nav-link\" href=\"#inne\" data-toggle=\"tab\">INNE<br \/>\n<\/a><\/li>\n<\/ul>\n<p><!-- Tab panels --><\/p>\n<div class=\"tab-content\" >\n<div id=\"miejsce\" class=\"tab-pane active container\">\nStarostwo Powiatowe w Gostyninie, Biuro Obs\u0142ugi, ul. Dmowskiego 13, 09-500 Gostynin.<br \/>\nInformacji i wyja\u015bnie\u0144 udziela Wydzia\u0142 Dr\u00f3g i Transportu Starostwa Powiatowego w Gostyninie.\n<\/div>\n<div id=\"oplaty\" class=\"tab-pane container\">\nZa wydanie za\u015bwiadczenia nale\u017cy ui\u015bci\u0107 op\u0142at\u0119 skarbow\u0105 w wysoko\u015bci 17 z\u0142.<br \/>\nOp\u0142ata skarbowa powinna by\u0107 wniesiona na konto Urz\u0119du Miasta w Gostyninie: 89-1020 3974 0000 5302 0006 6258 (lub w kasie urz\u0119du)<br \/>\nW przypadku za\u0142\u0105czenia pe\u0142nomocnictwa nale\u017cy wnie\u015b\u0107 dodatkowo op\u0142at\u0119 skarbow\u0105 17,00 z\u0142otych. Pe\u0142nomocnictwo udzielone ma\u0142\u017conkowi i wst\u0119pnym oraz zst\u0119pnym lub rodze\u0144stwu \u2013 jest zwolnione z op\u0142aty skarbowej.\n<\/div>\n<div id=\"podstawa\" class=\"tab-pane container\">\n\u2022\tustawa z dnia 6 wrze\u015bnia 2001 roku o transporcie drogowym,<br \/>\n\u2022\trozporz\u0105dzenie Parlamentu Europejskiego i Rady (WE) nr 1071\/2009 z dnia 21 pa\u017adziernika 2009 roku ustanawiaj\u0105ce wsp\u00f3lne zasady dotycz\u0105ce warunk\u00f3w wykonywania zawodu przewo\u017anika drogowego i uchylaj\u0105cego dyrektyw\u0119 Rady Nr 96\/26\/WE,<br \/>\n\u2022\tustawa z dnia 14 czerwca 1960 roku &#8211; Kodeks post\u0119powania administracyjnego,<br \/>\n\u2022\trozporz\u0105dzenie Ministra Transportu, Budownictwa i Gospodarki Morskiej z dnia 6 sierpnia 2013 roku w sprawie wysoko\u015bci op\u0142at za czynno\u015bci administracyjne zwi\u0105zane z wykonywaniem przewozu drogowego oraz za egzaminowanie i wydawanie certyfikatu kompetencji zawodowych,<br \/>\n\u2022\tustawa z dnia 16 listopada 2006 roku o op\u0142acie skarbowej,\n<\/div>\n<div id=\"tryb\" class=\"tab-pane container\">\nWydanie za\u015bwiadczenia.\n<\/div>\n<div id=\"termin\" class=\"tab-pane container\">\nBez zb\u0119dnej zw\u0142oki.\n<\/div>\n<div id=\"inne\" class=\"tab-pane container\">\nSprawy zwi\u0105zane z wydaniem za\u015bwiadczenia za\u0142atwia osobi\u015bcie zainteresowany lub osoba posiadaj\u0105ca pisemne pe\u0142nomocnictwo (pe\u0142nomocnik).\n<\/div>\n<\/div>\n<\/div>\n<\/div>\n<p><!-- Nav tabs koniec --><\/p>\n","protected":false},"excerpt":{"rendered":"<p>WYDANIE ZA\u015aWIADCZENIA O LICZBIE POJAZD\u00d3W, DLA KT\u00d3RYCH ZOSTA\u0141 UDOKUMENTOWANY WYM\u00d3G ZDOLNO\u015aCI FINANSOWEJ WYMAGANE DOKUMENTY: wniosek o wydanie za\u015bwiadczenia, dokumenty potwierdzaj\u0105ce spe\u0142nienie warunk\u00f3w, o kt\u00f3rych mowa w art. 7 rozporz\u0105dzenia (WE) nr 1071\/2009 &#8211; znajdowanie si\u0119 w sytuacji finansowej zapewniaj\u0105cej podj\u0119cie i prowadzenie dzia\u0142alno\u015bci gospodarczej w zakresie transportu drogowego okre\u015blonej dost\u0119pnymi \u015brodkami finansowymi lub maj\u0105tkiem w [&hellip;]<\/p>\n","protected":false},"author":1,"featured_media":0,"parent":0,"menu_order":0,"comment_status":"closed","ping_status":"closed","template":"fullwidth.php","meta":[],"_links":{"self":[{"href":"http:\/\/ebok.gostynin.powiat.pl\/index.php?rest_route=\/wp\/v2\/pages\/624"}],"collection":[{"href":"http:\/\/ebok.gostynin.powiat.pl\/index.php?rest_route=\/wp\/v2\/pages"}],"about":[{"href":"http:\/\/ebok.gostynin.powiat.pl\/index.php?rest_route=\/wp\/v2\/types\/page"}],"author":[{"embeddable":true,"href":"http:\/\/ebok.gostynin.powiat.pl\/index.php?rest_route=\/wp\/v2\/users\/1"}],"replies":[{"embeddable":true,"href":"http:\/\/ebok.gostynin.powiat.pl\/index.php?rest_route=%2Fwp%2Fv2%2Fcomments&post=624"}],"version-history":[{"count":5,"href":"http:\/\/ebok.gostynin.powiat.pl\/index.php?rest_route=\/wp\/v2\/pages\/624\/revisions"}],"predecessor-version":[{"id":632,"href":"http:\/\/ebok.gostynin.powiat.pl\/index.php?rest_route=\/wp\/v2\/pages\/624\/revisions\/632"}],"wp:attachment":[{"href":"http:\/\/ebok.gostynin.powiat.pl\/index.php?rest_route=%2Fwp%2Fv2%2Fmedia&parent=624"}],"curies":[{"name":"wp","href":"https:\/\/api.w.org\/{rel}","templated":true}]}}