{"id":691,"date":"2019-02-08T15:24:21","date_gmt":"2019-02-08T13:24:21","guid":{"rendered":"http:\/\/ebok.gostynin.powiat.pl\/?page_id=691"},"modified":"2019-02-08T15:27:13","modified_gmt":"2019-02-08T13:27:13","slug":"zdp","status":"publish","type":"page","link":"http:\/\/ebok.gostynin.powiat.pl\/?page_id=691","title":{"rendered":"ZDP"},"content":{"rendered":"<h4>ZARZ\u0104D DR\u00d3G POWIATOWYCH<\/h4>\n<p><i class=\"fa fa-home fa-fw\"><\/i> ul. P\u0142ocka 76 <br \/>\n<i class=\"fa fa-home fa-fw\"><\/i>  09-500 Gostynin<br \/>\n<i class=\"fa fa-hand-o-right fa-fw\"><\/i>  pok\u00f3j nr 8 ()<br \/>\n<i class=\"fa fa-phone fa-fw\"><\/i>  24 235 21 36 <br \/>\n<i class=\"fa fa-envelope-o fa-fw\"><\/i> biuro@zdpgostynin.eu<br \/>\n<\/br><br \/>\n<\/br><br \/>\n<\/br><br \/>\n<\/br><br \/>\n<\/br><br \/>\n<\/br><\/p>\n<p style=\"text-align: center;\">STRONA W BUDOWIE<\/p>\n<p>Aktualne formularze znajduj\u0105 si\u0119 pod adresem:<\/p>\n<p><a href=\"http:\/\/gostynin.powiat.pl\/component\/content\/article\/138-formularze\/606-zarzad-drog-powiatowych\" target=\"_blank\">http:\/\/gostynin.powiat.pl\/component\/content\/article\/138-formularze\/606-zarzad-drog-powiatowych<\/a><\/p>\n","protected":false},"excerpt":{"rendered":"<p>ZARZ\u0104D DR\u00d3G POWIATOWYCH ul. P\u0142ocka 76 09-500 Gostynin pok\u00f3j nr 8 () 24 235 21 36 biuro@zdpgostynin.eu STRONA W BUDOWIE Aktualne formularze znajduj\u0105 si\u0119 pod adresem: http:\/\/gostynin.powiat.pl\/component\/content\/article\/138-formularze\/606-zarzad-drog-powiatowych<\/p>\n","protected":false},"author":1,"featured_media":0,"parent":0,"menu_order":0,"comment_status":"closed","ping_status":"closed","template":"","meta":[],"_links":{"self":[{"href":"http:\/\/ebok.gostynin.powiat.pl\/index.php?rest_route=\/wp\/v2\/pages\/691"}],"collection":[{"href":"http:\/\/ebok.gostynin.powiat.pl\/index.php?rest_route=\/wp\/v2\/pages"}],"about":[{"href":"http:\/\/ebok.gostynin.powiat.pl\/index.php?rest_route=\/wp\/v2\/types\/page"}],"author":[{"embeddable":true,"href":"http:\/\/ebok.gostynin.powiat.pl\/index.php?rest_route=\/wp\/v2\/users\/1"}],"replies":[{"embeddable":true,"href":"http:\/\/ebok.gostynin.powiat.pl\/index.php?rest_route=%2Fwp%2Fv2%2Fcomments&post=691"}],"version-history":[{"count":3,"href":"http:\/\/ebok.gostynin.powiat.pl\/index.php?rest_route=\/wp\/v2\/pages\/691\/revisions"}],"predecessor-version":[{"id":695,"href":"http:\/\/ebok.gostynin.powiat.pl\/index.php?rest_route=\/wp\/v2\/pages\/691\/revisions\/695"}],"wp:attachment":[{"href":"http:\/\/ebok.gostynin.powiat.pl\/index.php?rest_route=%2Fwp%2Fv2%2Fmedia&parent=691"}],"curies":[{"name":"wp","href":"https:\/\/api.w.org\/{rel}","templated":true}]}}