{"id":717,"date":"2019-05-14T10:34:02","date_gmt":"2019-05-14T08:34:02","guid":{"rendered":"http:\/\/ebok.gostynin.powiat.pl\/?page_id=717"},"modified":"2019-05-14T10:43:52","modified_gmt":"2019-05-14T08:43:52","slug":"dt_transport_12","status":"publish","type":"page","link":"http:\/\/ebok.gostynin.powiat.pl\/?page_id=717","title":{"rendered":"DT_transport_12"},"content":{"rendered":"<p><span style=\"text-decoration: underline;\"><strong><br \/>\nZMIANA  ZA\u015aWIADCZENIA  NA  KRAJOWY  NIEZAROBKOWY  PRZEW\u00d3Z  DROGOWY OS\u00d3B  LUB  RZECZY  NA  POTRZEBY  W\u0141ASNE<br \/>\n<\/strong><\/span><\/p>\n<p><strong><br \/>\nWYMAGANE DOKUMENTY:<br \/>\n<\/strong><\/p>\n<ul>\n<li>wniosek o zmian\u0119 za\u015bwiadczenia,<\/li>\n<li>wykaz dodatkowych pojazd\u00f3w zawieraj\u0105cy nast\u0119puj\u0105ce informacje: mark\u0119 i typ, rodzaj, przeznaczenie, numer rejestracyjny, numer VIN i wskazanie rodzaju tytu\u0142u prawnego do dysponowania pojazdem &#8211; je\u017celi zmiana dotyczy zg\u0142oszenia kolejnego pojazdu,<\/li>\n<li>dow\u00f3d uiszczenia op\u0142aty za zmin\u0119 za\u015bwiadczenia i wypis\u00f3w z tego za\u015bwiadczenia,<\/li>\n<li>dow\u00f3d osobisty (do wgl\u0105du, dotyczy osoby fizycznej),<\/li>\n<li>udzielone pe\u0142nomocnictwo do za\u0142atwiania spraw \u2013 je\u017celi jest wymagane.<\/li>\n<\/ul>\n<p><strong><\/p>\n<hr\/>\n<p>DRUKI DO POBRANIA:<br \/>\n<\/strong><\/p>\n<table id=\"druki\">\n<tr>\n<td><a href=\"img\/druki\/dt\/dt12za.docx\"><img decoding=\"async\" src=\"img\/doc.png\"><\/a>&nbsp;&nbsp;<\/td>\n<td><a href=\"img\/druki\/dt\/dt12za.pdf\"><img decoding=\"async\" src=\"img\/pdf.png\"><\/a>&nbsp;&nbsp;<\/td>\n<td>Wniosek o zmian\u0119 za\u015bwiadczenia &nbsp;&nbsp;&nbsp;&nbsp;&nbsp;&nbsp;<\/td>\n<td>&nbsp;<\/td>\n<\/tr>\n<tr>\n<td><a href=\"img\/druki\/dt\/dt5z.docx\"><img decoding=\"async\" src=\"img\/doc.png\"><\/a>&nbsp;&nbsp;<\/td>\n<td><a href=\"img\/druki\/dt\/dt5z.pdf\"><img decoding=\"async\" src=\"img\/pdf.png\"><\/a>&nbsp;&nbsp;<\/td>\n<td>Wykaz pojazd\u00f3w &nbsp;&nbsp;&nbsp;&nbsp;&nbsp;&nbsp;<\/td>\n<td>&nbsp;<\/td>\n<\/tr>\n<tr>\n<td>&nbsp;<\/td>\n<td><a href=\"img\/druki\/dt\/pelnomoc.pdf\"><img decoding=\"async\" src=\"img\/pdf.png\"><\/a>&nbsp;&nbsp;<\/td>\n<td>Druk pe\u0142nomocnictwa &nbsp;&nbsp;&nbsp;&nbsp;&nbsp;&nbsp;<\/td>\n<td>&nbsp;<\/td>\n<\/tr>\n<\/table>\n<hr\/>\n<ul class=\"nav nav-pills\">\n<li class=\"nav-item\"><a class=\"nav-link active\" href=\"#miejsce\" data-toggle=\"tab\">MIEJSCE Z\u0141O\u017bENIA<br \/>\n<\/a><\/li>\n<li class=\"nav-item\"><a class=\"nav-link\" href=\"#oplaty\" data-toggle=\"tab\">OP\u0141ATY<br \/>\n<\/a><\/li>\n<li class=\"nav-item\"><a class=\"nav-link\" href=\"#podstawa\" data-toggle=\"tab\">PODSTAWA PRAWNA<br \/>\n<\/a><\/li>\n<li class=\"nav-item\"><a class=\"nav-link\" href=\"#tryb\" data-toggle=\"tab\">TRYB ZA\u0141ATWIENIA<br \/>\n<\/a><\/li>\n<li class=\"nav-item\"><a class=\"nav-link\" href=\"#termin\" data-toggle=\"tab\">TERMIN ZA\u0141ATWIENIA<br \/>\n<\/a><\/li>\n<li class=\"nav-item\"><a class=\"nav-link\" href=\"#inne\" data-toggle=\"tab\">INNE<br \/>\n<\/a><\/li>\n<\/ul>\n<p><!-- Tab panels --><\/p>\n<div class=\"tab-content\" >\n<div id=\"miejsce\" class=\"tab-pane active container\">\nStarostwo Powiatowe w Gostyninie, Biuro Obs\u0142ugi, ul. Dmowskiego 13, 09-500 Gostynin,<br \/>\nInformacji i wyja\u015bnie\u0144 udziela Wydzia\u0142 Dr\u00f3g i Transportu Starostwa Powiatowego w Gostyninie\n<\/div>\n<div id=\"oplaty\" class=\"tab-pane container\">\nOp\u0142ata za zmian\u0119 za\u015bwiadczenia na wykonywanie krajowego niezarobkowego przewozu drogowego os\u00f3b lub rzeczy na potrzeby w\u0142asne na czas nieokre\u015blony wynosi \u2013 25 z\u0142otych i 10 z\u0142 za zmian\u0119 posiadanych wypis\u00f3w.<br \/>\nZa wydanie dodatkowego wypisu z za\u015bwiadczenia pobiera si\u0119 op\u0142at\u0119 w wysoko\u015bci 100 z\u0142otych.<br \/>\nOp\u0142at\u0119 za wydanie zezwolenia i wypis\u00f3w dokonuje si\u0119:<br \/>\n\u2022\tw kasie urz\u0119du: ul. 3 Maja 43B, 09-500 Gostynin (bez dodatkowych op\u0142at)<br \/>\n\u2022\tprzelewem na konto: Bank PKO BP nr 91 1020 3974 0000 5902 0006 6316, Starostwo Powiatowe w Gostyninie, ul. Dmowskiego 13<br \/>\nW przypadku za\u0142\u0105czenia pe\u0142nomocnictwa \u2013 op\u0142ata skarbowa 17,00 z\u0142otych. Pe\u0142nomocnictwo udzielone ma\u0142\u017conkowi i wst\u0119pnym oraz zst\u0119pnym lub rodze\u0144stwu \u2013 jest zwolnione z op\u0142aty skarbowej.<br \/>\nOp\u0142ata skarbowa (je\u017celi wymagana) powinna by\u0107 wniesiona na konto Urz\u0119du Miasta w Gostyninie: 89-1020 3974 0000 5302 0006 6258 (lub w kasie urz\u0119du)\n<\/div>\n<div id=\"podstawa\" class=\"tab-pane container\">\n\u2022\tustawa z dnia 6 wrze\u015bnia 2001 roku o transporcie drogowym,<br \/>\n\u2022\tustawa z dnia 14 czerwca 1960 roku &#8211; Kodeks post\u0119powania administracyjnego,<br \/>\n\u2022\trozporz\u0105dzenie Ministra Transportu, Budownictwa i Gospodarki Morskiej z dnia 6 sierpnia 2013 roku w sprawie wysoko\u015bci op\u0142at za czynno\u015bci administracyjne zwi\u0105zane z wykonywaniem przewozu drogowego oraz za egzaminowanie i wydawanie certyfikatu kompetencji zawodowych,<br \/>\n\u2022\tustawa z dnia 16 listopada 2006 roku o op\u0142acie skarbowej,\n<\/div>\n<div id=\"tryb\" class=\"tab-pane container\">\nWydanie za\u015bwiadczenia na wykonywanie krajowego niezarobkowego przewozu<br \/>\ndrogowego os\u00f3b lub rzeczy na potrzeby w\u0142asne na czas nieokre\u015blony.<br \/>\nOdmowa wydania za\u015bwiadczenia lub za\u015bwiadczenia o tre\u015bci \u017c\u0105danej przez ubiegaj\u0105cego si\u0119 o za\u015bwiadczenie \u2013 nast\u0119puje w drodze postanowienia.<br \/>\nOd postanowienia s\u0142u\u017cy stronie prawo wniesienia za\u017calenia do Samorz\u0105dowego Kolegium Odwo\u0142awczego w P\u0142ocku za po\u015brednictwem Starosty Gostyni\u0144skiego w terminie 7 dni od daty otrzymania postanowienia.\n<\/div>\n<div id=\"termin\" class=\"tab-pane container\">\nBez zb\u0119dnej zw\u0142oki, nie p\u00f3\u017aniej ni\u017c w ci\u0105gu miesi\u0105ca, a w sprawach szczeg\u00f3lnie skomplikowanych, nie p\u00f3\u017aniej ni\u017c w ci\u0105gu dw\u00f3ch miesi\u0119cy.\n<\/div>\n<div id=\"inne\" class=\"tab-pane container\">\nSprawy zwi\u0105zane z wydaniem za\u015bwiadczenia na wykonywanie krajowego niezarobkowego przewozu drogowego os\u00f3b lub rzeczy na potrzeby w\u0142asne za\u0142atwia osobi\u015bcie zainteresowany lub osoba posiadaj\u0105ca pisemne pe\u0142nomocnictwo (pe\u0142nomocnik).<br \/>\nWszelkie zmiany danych dotycz\u0105cych zezwolenia nale\u017cy zg\u0142asza\u0107 w terminie 28 dni od daty powstania zmiany\n<\/div>\n<\/div>\n<\/div>\n<\/div>\n<p><!-- Nav tabs koniec --><\/p>\n","protected":false},"excerpt":{"rendered":"<p>ZMIANA ZA\u015aWIADCZENIA NA KRAJOWY NIEZAROBKOWY PRZEW\u00d3Z DROGOWY OS\u00d3B LUB RZECZY NA POTRZEBY W\u0141ASNE WYMAGANE DOKUMENTY: wniosek o zmian\u0119 za\u015bwiadczenia, wykaz dodatkowych pojazd\u00f3w zawieraj\u0105cy nast\u0119puj\u0105ce informacje: mark\u0119 i typ, rodzaj, przeznaczenie, numer rejestracyjny, numer VIN i wskazanie rodzaju tytu\u0142u prawnego do dysponowania pojazdem &#8211; je\u017celi zmiana dotyczy zg\u0142oszenia kolejnego pojazdu, dow\u00f3d uiszczenia op\u0142aty za zmin\u0119 za\u015bwiadczenia [&hellip;]<\/p>\n","protected":false},"author":1,"featured_media":0,"parent":0,"menu_order":0,"comment_status":"closed","ping_status":"closed","template":"fullwidth.php","meta":[],"_links":{"self":[{"href":"http:\/\/ebok.gostynin.powiat.pl\/index.php?rest_route=\/wp\/v2\/pages\/717"}],"collection":[{"href":"http:\/\/ebok.gostynin.powiat.pl\/index.php?rest_route=\/wp\/v2\/pages"}],"about":[{"href":"http:\/\/ebok.gostynin.powiat.pl\/index.php?rest_route=\/wp\/v2\/types\/page"}],"author":[{"embeddable":true,"href":"http:\/\/ebok.gostynin.powiat.pl\/index.php?rest_route=\/wp\/v2\/users\/1"}],"replies":[{"embeddable":true,"href":"http:\/\/ebok.gostynin.powiat.pl\/index.php?rest_route=%2Fwp%2Fv2%2Fcomments&post=717"}],"version-history":[{"count":3,"href":"http:\/\/ebok.gostynin.powiat.pl\/index.php?rest_route=\/wp\/v2\/pages\/717\/revisions"}],"predecessor-version":[{"id":7402,"href":"http:\/\/ebok.gostynin.powiat.pl\/index.php?rest_route=\/wp\/v2\/pages\/717\/revisions\/7402"}],"wp:attachment":[{"href":"http:\/\/ebok.gostynin.powiat.pl\/index.php?rest_route=%2Fwp%2Fv2%2Fmedia&parent=717"}],"curies":[{"name":"wp","href":"https:\/\/api.w.org\/{rel}","templated":true}]}}