{"id":820,"date":"2020-05-12T09:57:01","date_gmt":"2020-05-12T07:57:01","guid":{"rendered":"http:\/\/ebok.gostynin.powiat.pl\/?page_id=820"},"modified":"2020-05-12T11:08:24","modified_gmt":"2020-05-12T09:08:24","slug":"dt_transport_05","status":"publish","type":"page","link":"http:\/\/ebok.gostynin.powiat.pl\/?page_id=820","title":{"rendered":"DT_transport_05"},"content":{"rendered":"<p><span style=\"text-decoration: underline;\"><strong><br \/>\nWYDANIE LICENCJINA WYKONYWANIE TRANSPORTU DROGOWEGO W ZAKRESIE PO\u015aREDNICTWA PRZY PRZEWOZIE RZECZY<br \/>\n<\/strong><\/span><\/p>\n<p><strong><br \/>\nWYMAGANE DOKUMENTY:<br \/>\n<\/strong><\/p>\n<ul>\n<li>wniosek o wydanie licencji,<\/li>\n<li>o\u015bwiadczenie osoby zarz\u0105dzaj\u0105cej transportem nast\u0119puj\u0105cej tre\u015bci: &#8222;O\u015bwiadczam, \u017ce zgodnie z art. 5c ust. 2 pkt 3 ustawy z dnia 6 wrze\u015bnia 2001 r. o transporcie drogowym b\u0119d\u0119 pe\u0142ni\u0107 rol\u0119 osoby zarz\u0105dzaj\u0105cej transportem drogowym w przedsi\u0119biorstwie&#8221;,<\/li>\n<li>kopia certyfikatu kompetencji zawodowych osoby zarz\u0105dzaj\u0105cej transportem,<\/li>\n<li>o\u015bwiadczenie cz\u0142onk\u00f3w organu zarz\u0105dzaj\u0105cego osoby prawnej, osoby zarz\u0105dzaj\u0105cej sp\u00f3\u0142k\u0105 jawn\u0105 lub komandytow\u0105, a w przypadku innego przedsi\u0119biorcy &#8211; osoby prowadz\u0105cej dzia\u0142alno\u015b\u0107 gospodarcz\u0105, \u017ce spe\u0142nia wym\u00f3g dobrej reputacji, o kt\u00f3rym mowa w art. 5c ust. 1 pkt 1 ustawy o transporcie drogowym,<\/li>\n<li>dokumenty potwierdzaj\u0105ce spe\u0142nienie warunku, o kt\u00f3rym mowa w art. 5c ust. 2 pkt 2 ustawy o transporcie drogowym,<\/li>\n<li>dow\u00f3d uiszczenia op\u0142aty za wydanie licencji,<\/li>\n<li>dow\u00f3d osobisty (do wgl\u0105du, dotyczy osoby fizycznej),<\/li>\n<li>udzielone pe\u0142nomocnictwo do za\u0142atwiania spraw \u2013 je\u017celi jest wymagane,<\/li>\n<\/ul>\n<p><strong><\/strong><\/p>\n<p><strong><\/strong><\/p>\n<p><strong><\/p>\n<hr>\n<p><\/strong><strong>DRUKI DO POBRANIA:<br \/>\n<\/strong><\/p>\n<table id=\"druki\">\n<tbody>\n<tr>\n<td><a href=\"\"><img decoding=\"async\" src=\"img\/doc.png\"><\/a>&nbsp;&nbsp;<\/td>\n<td><a href=\"img\/druki\/dt\/wniosek_pos.pdf\"><img decoding=\"async\" src=\"img\/pdf.png\"><\/a>&nbsp;&nbsp;<\/td>\n<td>Wniosek<\/td>\n<td>&nbsp;<\/td>\n<td><a href=\"img\/druki\/dt\/zarzadzajacy_pos.pdf\"><img decoding=\"async\" src=\"img\/pdf.png\"><\/a>&nbsp;&nbsp;<\/td>\n<td>O\u015bwiadczenie osoby zarz\u0105dzaj\u0105cej transportem<\/td>\n<\/tr>\n<tr>\n<td>&nbsp;<\/td>\n<td><a href=\"img\/druki\/dt\/pelnomoc.pdf\"><img decoding=\"async\" src=\"img\/pdf.png\"><\/a><\/td>\n<td>Druk pe\u0142nomocnictwa&nbsp;&nbsp;&nbsp;<\/td>\n<td>&nbsp;&nbsp;&nbsp;<\/td>\n<td><a href=\"img\/druki\/dt\/reputacja_pos.pdf\"><img decoding=\"async\" src=\"img\/pdf.png\"><\/a><\/td>\n<td>O\u015bwiadczenie o spe\u0142nieniu wymog\u00f3w dobrej reputacji<\/td>\n<\/tr>\n<\/tbody>\n<\/table>\n<hr>\n<ul class=\"nav nav-pills\">\n<li class=\"nav-item\"><a class=\"nav-link active\" href=\"#miejsce\" data-toggle=\"tab\">MIEJSCE Z\u0141O\u017bENIA<br \/>\n<\/a><\/li>\n<li class=\"nav-item\"><a class=\"nav-link\" href=\"#oplaty\" data-toggle=\"tab\">OP\u0141ATY<br \/>\n<\/a><\/li>\n<li class=\"nav-item\"><a class=\"nav-link\" href=\"#podstawa\" data-toggle=\"tab\">PODSTAWA PRAWNA<br \/>\n<\/a><\/li>\n<li class=\"nav-item\"><a class=\"nav-link\" href=\"#tryb\" data-toggle=\"tab\">TRYB ZA\u0141ATWIENIA<br \/>\n<\/a><\/li>\n<li class=\"nav-item\"><a class=\"nav-link\" href=\"#termin\" data-toggle=\"tab\">TERMIN ZA\u0141ATWIENIA<br \/>\n<\/a><\/li>\n<li class=\"nav-item\"><a class=\"nav-link\" href=\"#inne\" data-toggle=\"tab\">INNE<br \/>\n<\/a><\/li>\n<\/ul>\n<p><!-- Tab panels --><\/p>\n<div class=\"tab-content\">\n<div id=\"miejsce\" class=\"tab-pane active container\">\nStarostwo Powiatowe w Gostyninie, Biuro Obs\u0142ugi, ul. Dmowskiego 13, 09-500 Gostynin.<br \/>\nInformacji i wyja\u015bnie\u0144 udziela Wydzia\u0142 Dr\u00f3g i Transportu Starostwa Powiatowego w Gostyninie.<\/div>\n<div id=\"oplaty\" class=\"tab-pane container\">\nOp\u0142ata za wydanie licencji na wykonywanie transportu drogowego w zakresie po\u015brednictwa przy przewozie rzeczy uzale\u017cniona jest od okresu na jaki jest wydawana:<br \/>\n\u2022\tod 2 do 15 lat &#8211; 800 z\u0142<br \/>\n\u2022\tpowy\u017cej 15 do 30 lat &#8211; 900 z\u0142<br \/>\n\u2022\tpowy\u017cej 30 do 50 lat &#8211; 1000 z\u0142<br \/>\nOp\u0142at\u0119 za wydanie zezwolenia i wypis\u00f3w dokonuje si\u0119:<br \/>\n\u2022\tw kasie urz\u0119du: ul. 3 Maja 43B, 09-500 Gostynin (bez dodatkowych op\u0142at)<br \/>\n\u2022\tprzelewem na konto: Bank PKO BP nr 91 1020 3974 0000 5902 0006 6316, Starostwo Powiatowe w Gostyninie, ul. Dmowskiego 13<br \/>\nW przypadku za\u0142\u0105czenia pe\u0142nomocnictwa \u2013 op\u0142ata skarbowa 17,00 z\u0142otych. Pe\u0142nomocnictwo udzielone ma\u0142\u017conkowi i wst\u0119pnym oraz zst\u0119pnym lub rodze\u0144stwu \u2013 jest zwolnione z op\u0142aty skarbowej.<br \/>\nOp\u0142ata skarbowa (je\u017celi wymagana) powinna by\u0107 wniesiona na konto Urz\u0119du Miasta w Gostyninie: 89-1020 3974 0000 5302 0006 6258 (lub w kasie urz\u0119du)<\/div>\n<div id=\"podstawa\" class=\"tab-pane container\">\n\u2022\tustawa z dnia 6 wrze\u015bnia 2001 roku o transporcie drogowym,<br \/>\n\u2022\tustawa z dnia 14 czerwca 1960 roku &#8211; Kodeks post\u0119powania administracyjnego,<br \/>\n\u2022\trozporz\u0105dzenie Ministra Transportu, Budownictwa i Gospodarki Morskiej z dnia 6 sierpnia 2013 roku w sprawie wysoko\u015bci op\u0142at za czynno\u015bci administracyjne zwi\u0105zane z wykonywaniem przewozu drogowego oraz za egzaminowanie i wydawanie certyfikatu kompetencji zawodowych,<br \/>\n\u2022\tustawa z dnia 16 listopada 2006 roku o op\u0142acie skarbowej,<\/div>\n<div id=\"tryb\" class=\"tab-pane container\">\nDecyzja o wydaniu\/odmowie wydania licencji na wykonywanie transportu drogowego w zakresie po\u015brednictwa przy przewozie rzeczy.<br \/>\nOd decyzji s\u0142u\u017cy stronie prawo wniesienia odwo\u0142ania do Samorz\u0105dowego Kolegium Odwo\u0142awczego w P\u0142ocku za po\u015brednictwem Starosty Gostyni\u0144skiego w terminie 14 dni od daty otrzymania decyzji.<\/div>\n<div id=\"termin\" class=\"tab-pane container\">\nBez zb\u0119dnej zw\u0142oki, nie p\u00f3\u017aniej ni\u017c w ci\u0105gu miesi\u0105ca, a w sprawach szczeg\u00f3lnie skomplikowanych, nie p\u00f3\u017aniej ni\u017c w ci\u0105gu dw\u00f3ch miesi\u0119cy.<\/div>\n<div id=\"inne\" class=\"tab-pane container\">\nSprawy zwi\u0105zane z wydaniem licencji na wykonywanie transportu drogowego w zakresie po\u015brednictwa przy przewozie rzeczy za\u0142atwia osobi\u015bcie zainteresowany lub osoba posiadaj\u0105ca pisemne pe\u0142nomocnictwo (pe\u0142nomocnik). Zezwolenia udziela si\u0119 na czas nieoznaczony. Wszelkie zmiany danych dotycz\u0105cych zezwolenia nale\u017cy zg\u0142asza\u0107 w terminie 28 dni od daty powstania zmiany.<\/div>\n<\/div>\n<p><!-- Nav tabs koniec --><\/p>\n","protected":false},"excerpt":{"rendered":"<p>WYDANIE LICENCJINA WYKONYWANIE TRANSPORTU DROGOWEGO W ZAKRESIE PO\u015aREDNICTWA PRZY PRZEWOZIE RZECZY WYMAGANE DOKUMENTY: wniosek o wydanie licencji, o\u015bwiadczenie osoby zarz\u0105dzaj\u0105cej transportem nast\u0119puj\u0105cej tre\u015bci: &#8222;O\u015bwiadczam, \u017ce zgodnie z art. 5c ust. 2 pkt 3 ustawy z dnia 6 wrze\u015bnia 2001 r. o transporcie drogowym b\u0119d\u0119 pe\u0142ni\u0107 rol\u0119 osoby zarz\u0105dzaj\u0105cej transportem drogowym w przedsi\u0119biorstwie&#8221;, kopia certyfikatu kompetencji [&hellip;]<\/p>\n","protected":false},"author":1,"featured_media":0,"parent":0,"menu_order":0,"comment_status":"closed","ping_status":"closed","template":"fullwidth.php","meta":[],"_links":{"self":[{"href":"http:\/\/ebok.gostynin.powiat.pl\/index.php?rest_route=\/wp\/v2\/pages\/820"}],"collection":[{"href":"http:\/\/ebok.gostynin.powiat.pl\/index.php?rest_route=\/wp\/v2\/pages"}],"about":[{"href":"http:\/\/ebok.gostynin.powiat.pl\/index.php?rest_route=\/wp\/v2\/types\/page"}],"author":[{"embeddable":true,"href":"http:\/\/ebok.gostynin.powiat.pl\/index.php?rest_route=\/wp\/v2\/users\/1"}],"replies":[{"embeddable":true,"href":"http:\/\/ebok.gostynin.powiat.pl\/index.php?rest_route=%2Fwp%2Fv2%2Fcomments&post=820"}],"version-history":[{"count":4,"href":"http:\/\/ebok.gostynin.powiat.pl\/index.php?rest_route=\/wp\/v2\/pages\/820\/revisions"}],"predecessor-version":[{"id":826,"href":"http:\/\/ebok.gostynin.powiat.pl\/index.php?rest_route=\/wp\/v2\/pages\/820\/revisions\/826"}],"wp:attachment":[{"href":"http:\/\/ebok.gostynin.powiat.pl\/index.php?rest_route=%2Fwp%2Fv2%2Fmedia&parent=820"}],"curies":[{"name":"wp","href":"https:\/\/api.w.org\/{rel}","templated":true}]}}