{"id":866,"date":"2021-06-01T10:29:11","date_gmt":"2021-06-01T08:29:11","guid":{"rendered":"http:\/\/ebok.gostynin.powiat.pl\/?page_id=866"},"modified":"2021-06-01T10:38:09","modified_gmt":"2021-06-01T08:38:09","slug":"dt_transport_11","status":"publish","type":"page","link":"http:\/\/ebok.gostynin.powiat.pl\/?page_id=866","title":{"rendered":"DT_transport_11"},"content":{"rendered":"<p><span style=\"text-decoration: underline;\"><strong><br \/>\nZAWIADOMIENIE O ZMIANIE DANYCH DO WYDANEGO ZA\u015aWIADCZENIA NA KRAJOWY NIEZAROBKOWY PRZEW\u00d3Z DROGOWY OS\u00d3B LUB RZECZY NA POTRZEBY W\u0141ASNE.<br \/>\n<\/strong><\/span><\/p>\n<p><strong><br \/>\nWYMAGANE DOKUMENTY:<br \/>\n<\/strong><\/p>\n<ul>\n<li>zawiadomienie o zmianie danych,<\/li>\n<li>wykaz pojazd\u00f3w zawieraj\u0105cy nast\u0119puj\u0105ce informacje: mark\u0119 i typ, rodzaj, przeznaczenie, numer rejestracyjny, numer VIN i wskazanie rodzaju tytu\u0142u prawnego do dysponowania pojazdem &#8211; je\u017celi zmiana dotyczy zg\u0142oszenia kolejnego pojazdu,<\/li>\n<li>dow\u00f3d osobisty (do wgl\u0105du, dotyczy osoby fizycznej),<\/li>\n<li>udzielone pe\u0142nomocnictwo do za\u0142atwiania spraw \u2013 je\u017celi jest wymagane.<\/li>\n<\/ul>\n<p><strong><\/strong><\/p>\n<p><strong><\/strong><\/p>\n<p><strong><\/strong><\/p>\n<p><strong><\/strong><\/p>\n<p><strong><\/strong><\/p>\n<p><strong><\/strong><\/p>\n<p><strong><\/strong><\/p>\n<p><strong><\/strong><\/p>\n<p><strong><\/strong><\/p>\n<p><strong><\/p>\n<hr>\n<p><\/strong><strong><\/strong><strong><\/strong><strong><\/strong><strong><\/strong><strong><\/strong><strong><\/strong><strong><\/strong><strong>DRUKI DO POBRANIA:<br \/>\n<\/strong><\/p>\n<table id=\"druki\">\n<tbody>\n<tr>\n<td><a href=\"img\/druki\/dt\/zas_zmd.docx\"><img decoding=\"async\" src=\"img\/doc.png\"><\/a>&nbsp;&nbsp;<\/td>\n<td><a href=\"img\/druki\/dt\/zas_zmd.pdf\"><img decoding=\"async\" src=\"img\/pdf.png\"><\/a>&nbsp;&nbsp;<\/td>\n<td>Zawiadomienie o zmianie danych &nbsp;&nbsp;&nbsp;&nbsp;&nbsp;&nbsp;<\/td>\n<td>&nbsp;<\/td>\n<\/tr>\n<tr>\n<td><a href=\"img\/druki\/dt\/dt5z.docx\"><img decoding=\"async\" src=\"img\/doc.png\"><\/a>&nbsp;&nbsp;<\/td>\n<td><a href=\"img\/druki\/dt\/dt5z.pdf\"><img decoding=\"async\" src=\"img\/pdf.png\"><\/a>&nbsp;&nbsp;<\/td>\n<td>Wykaz pojazd\u00f3w &nbsp;&nbsp;&nbsp;&nbsp;&nbsp;&nbsp;<\/td>\n<td>&nbsp;<\/td>\n<\/tr>\n<tr>\n<td>&nbsp;<\/td>\n<td><a href=\"img\/druki\/dt\/pelnomoc.pdf\"><img decoding=\"async\" src=\"img\/pdf.png\"><\/a>&nbsp;&nbsp;<\/td>\n<td>Druk pe\u0142nomocnictwa &nbsp;&nbsp;&nbsp;&nbsp;&nbsp;&nbsp;<\/td>\n<td>&nbsp;<\/td>\n<\/tr>\n<\/tbody>\n<\/table>\n<hr>\n<ul class=\"nav nav-pills\">\n<li class=\"nav-item\"><a class=\"nav-link active\" href=\"#miejsce\" data-toggle=\"tab\">MIEJSCE Z\u0141O\u017bENIA<br \/>\n<\/a><\/li>\n<li class=\"nav-item\"><a class=\"nav-link\" href=\"#oplaty\" data-toggle=\"tab\">OP\u0141ATY<br \/>\n<\/a><\/li>\n<li class=\"nav-item\"><a class=\"nav-link\" href=\"#podstawa\" data-toggle=\"tab\">PODSTAWA PRAWNA<br \/>\n<\/a><\/li>\n<li class=\"nav-item\"><a class=\"nav-link\" href=\"#tryb\" data-toggle=\"tab\">TRYB ZA\u0141ATWIENIA<br \/>\n<\/a><\/li>\n<li class=\"nav-item\"><a class=\"nav-link\" href=\"#termin\" data-toggle=\"tab\">TERMIN ZA\u0141ATWIENIA<br \/>\n<\/a><\/li>\n<li class=\"nav-item\"><a class=\"nav-link\" href=\"#inne\" data-toggle=\"tab\">INNE<br \/>\n<\/a><\/li>\n<\/ul>\n<p><!-- Tab panels --><\/p>\n<div class=\"tab-content\">\n<div id=\"miejsce\" class=\"tab-pane active container\">\nStarostwo Powiatowe w Gostyninie, Biuro Obs\u0142ugi, ul. Dmowskiego 13, 09-500 Gostynin,<br \/>\nInformacji i wyja\u015bnie\u0144 udziela Wydzia\u0142 Dr\u00f3g i Transportu Starostwa Powiatowego w Gostyninie<\/div>\n<div id=\"oplaty\" class=\"tab-pane container\">\nBrak op\u0142at.<br \/>\nW przypadku za\u0142\u0105czenia pe\u0142nomocnictwa \u2013 op\u0142ata skarbowa 17,00 z\u0142otych. Pe\u0142nomocnictwo udzielone ma\u0142\u017conkowi i wst\u0119pnym oraz zst\u0119pnym lub rodze\u0144stwu \u2013 jest zwolnione z op\u0142aty skarbowej.<br \/>\nOp\u0142ata skarbowa (je\u017celi wymagana) powinna by\u0107 wniesiona na konto Urz\u0119du Miasta w Gostyninie: 89-1020 3974 0000 5302 0006 6258 (lub w kasie urz\u0119du)<\/div>\n<div id=\"podstawa\" class=\"tab-pane container\">\n\u2022\tustawa z dnia 6 wrze\u015bnia 2001 roku o transporcie drogowym,<br \/>\n\u2022\tustawa z dnia 14 czerwca 1960 roku &#8211; Kodeks post\u0119powania administracyjnego,<br \/>\n\u2022\trozporz\u0105dzenie Ministra Transportu, Budownictwa i Gospodarki Morskiej z dnia 6 sierpnia 2013 roku w sprawie wysoko\u015bci op\u0142at za czynno\u015bci administracyjne zwi\u0105zane z wykonywaniem przewozu drogowego oraz za egzaminowanie i wydawanie certyfikatu kompetencji zawodowych,<br \/>\n\u2022\tustawa z dnia 16 listopada 2006 roku o op\u0142acie skarbowej,<\/div>\n<div id=\"tryb\" class=\"tab-pane container\">\nZmiana danych w aktach przedsi\u0119biorcy.<\/div>\n<div id=\"termin\" class=\"tab-pane container\">\nBez zb\u0119dnej zw\u0142oki, nie p\u00f3\u017aniej ni\u017c w ci\u0105gu miesi\u0105ca, a w sprawach szczeg\u00f3lnie skomplikowanych, nie p\u00f3\u017aniej ni\u017c w ci\u0105gu dw\u00f3ch miesi\u0119cy.<\/div>\n<div id=\"inne\" class=\"tab-pane container\">\nSprawy zwi\u0105zane z wydaniem za\u015bwiadczenia na wykonywanie krajowego niezarobkowego przewozu drogowego os\u00f3b lub rzeczy na potrzeby w\u0142asne za\u0142atwia osobi\u015bcie zainteresowany lub osoba posiadaj\u0105ca pisemne pe\u0142nomocnictwo (pe\u0142nomocnik).<br \/>\nWszelkie zmiany danych dotycz\u0105cych zezwolenia nale\u017cy zg\u0142asza\u0107 w terminie 28 dni od daty powstania zmiany<\/div>\n<\/div>\n<p><!-- Nav tabs koniec --><\/p>\n","protected":false},"excerpt":{"rendered":"<p>ZAWIADOMIENIE O ZMIANIE DANYCH DO WYDANEGO ZA\u015aWIADCZENIA NA KRAJOWY NIEZAROBKOWY PRZEW\u00d3Z DROGOWY OS\u00d3B LUB RZECZY NA POTRZEBY W\u0141ASNE. WYMAGANE DOKUMENTY: zawiadomienie o zmianie danych, wykaz pojazd\u00f3w zawieraj\u0105cy nast\u0119puj\u0105ce informacje: mark\u0119 i typ, rodzaj, przeznaczenie, numer rejestracyjny, numer VIN i wskazanie rodzaju tytu\u0142u prawnego do dysponowania pojazdem &#8211; je\u017celi zmiana dotyczy zg\u0142oszenia kolejnego pojazdu, dow\u00f3d osobisty [&hellip;]<\/p>\n","protected":false},"author":1,"featured_media":0,"parent":0,"menu_order":0,"comment_status":"closed","ping_status":"closed","template":"fullwidth.php","meta":[],"_links":{"self":[{"href":"http:\/\/ebok.gostynin.powiat.pl\/index.php?rest_route=\/wp\/v2\/pages\/866"}],"collection":[{"href":"http:\/\/ebok.gostynin.powiat.pl\/index.php?rest_route=\/wp\/v2\/pages"}],"about":[{"href":"http:\/\/ebok.gostynin.powiat.pl\/index.php?rest_route=\/wp\/v2\/types\/page"}],"author":[{"embeddable":true,"href":"http:\/\/ebok.gostynin.powiat.pl\/index.php?rest_route=\/wp\/v2\/users\/1"}],"replies":[{"embeddable":true,"href":"http:\/\/ebok.gostynin.powiat.pl\/index.php?rest_route=%2Fwp%2Fv2%2Fcomments&post=866"}],"version-history":[{"count":5,"href":"http:\/\/ebok.gostynin.powiat.pl\/index.php?rest_route=\/wp\/v2\/pages\/866\/revisions"}],"predecessor-version":[{"id":872,"href":"http:\/\/ebok.gostynin.powiat.pl\/index.php?rest_route=\/wp\/v2\/pages\/866\/revisions\/872"}],"wp:attachment":[{"href":"http:\/\/ebok.gostynin.powiat.pl\/index.php?rest_route=%2Fwp%2Fv2%2Fmedia&parent=866"}],"curies":[{"name":"wp","href":"https:\/\/api.w.org\/{rel}","templated":true}]}}