{"id":93,"date":"2018-04-26T12:04:48","date_gmt":"2018-04-26T12:04:48","guid":{"rendered":"http:\/\/eboi.gostynin.powiat.pl\/?page_id=93"},"modified":"2023-01-03T16:01:30","modified_gmt":"2023-01-03T14:01:30","slug":"dt_transport","status":"publish","type":"page","link":"http:\/\/ebok.gostynin.powiat.pl\/?page_id=93","title":{"rendered":"DT_transport"},"content":{"rendered":"<div class=\"minwys\">Sprawy dotycz\u0105ce transportu drogowego<br \/>\n<!-- Nav tabs -->&nbsp;<\/p>\n<div id=\"accordion\"><!-- Nav card -->&nbsp;<\/p>\n<div class=\"card\">\n<div class=\"card-header\"><a class=\"card-link\" href=\"#collapse1\" data-toggle=\"collapse\">1. Wydanie zezwolenia na wykonywanie zawodu przewo\u017anika drogowego w krajowym transporcie drogowym w zakresie przewozu os\u00f3b lub rzeczy.<\/a><\/div>\n<div id=\"collapse1\" class=\"collapse\" data-parent=\"#accordion\">\n<div class=\"card-body\">Wykonywanie dzia\u0142alno\u015bci transportowej w Polsce wymaga uzyskania zezwolenia na wykonywanie zawodu przewo\u017anika drogowego. Zezwolenie na wykonywanie zawodu przewo\u017anika drogowego od 15 sierpnia 2013 roku zast\u0119puje dotychczas obowi\u0105zuj\u0105ce licencje.&nbsp;<\/p>\n<p align=\"right\"><a class=\"btn btn-success\" role=\"button\" href=\"http:\/\/ebok.gostynin.powiat.pl\/?page_id=100\">Przejd\u017a do karty us\u0142ugi<\/a><\/p>\n<\/div>\n<\/div>\n<\/div>\n<div class=\"card\">\n<div class=\"card-header\"><a class=\"card-link\" href=\"#collapse2\" data-toggle=\"collapse\">2. Udzielenie dodatkowych wypis\u00f3w do zezwolenia\/licencji na wykonywanie zawodu przewo\u017anika drogowego.<\/a><\/div>\n<div id=\"collapse2\" class=\"collapse\" data-parent=\"#accordion\">\n<div class=\"card-body\">W przypadku konieczno\u015bci posiadania wi\u0119kszej liczby wypis\u00f3w nale\u017cy z\u0142o\u017cy\u0107 stosowny wniosek.&nbsp;<\/p>\n<p align=\"right\"><a class=\"btn btn-success\" role=\"button\" href=\" http:\/\/ebok.gostynin.powiat.pl\/?page_id=602\">Przejd\u017a do karty us\u0142ugi<\/a><\/p>\n<\/div>\n<\/div>\n<\/div>\n<div class=\"card\">\n<div class=\"card-header\"><a class=\"card-link\" href=\"#collapse3\" data-toggle=\"collapse\">3. Zawiadomienie o zmianie danych do wydanego zezwolenia \/licencji.<\/a><\/div>\n<div id=\"collapse3\" class=\"collapse\" data-parent=\"#accordion\">\n<div class=\"card-body\">Zawiadomienie o zmianie danych do zezwolenia (licencji) nale\u017cy z\u0142o\u017cy\u0107 w przypadku zmiany pojazd\u00f3w (zg\u0142oszenia\/wycofania), adresu bazy eksploatacyjnej, osoby zarz\u0105dzaj\u0105cej transportem lub wysoko\u015bci zabezpieczenia finansowego.&nbsp;<\/p>\n<p align=\"right\"><a class=\"btn btn-success\" role=\"button\" href=\" http:\/\/ebok.gostynin.powiat.pl\/?page_id=850\">Przejd\u017a do karty us\u0142ugi<\/a><\/p>\n<\/div>\n<\/div>\n<\/div>\n<div class=\"card\">\n<div class=\"card-header\"><a class=\"card-link\" href=\"#collapse4\" data-toggle=\"collapse\">4. Wydanie za\u015bwiadczenia o liczbie pojazd\u00f3w, dla kt\u00f3rych zosta\u0142 udokumentowany wym\u00f3g zdolno\u015bci finansowej.<\/a><\/div>\n<div id=\"collapse4\" class=\"collapse\" data-parent=\"#accordion\">\n<div class=\"card-body\">Za\u015bwiadczenie o liczbie pojazd\u00f3w, dla kt\u00f3rych zosta\u0142 udokumentowany wym\u00f3g zdolno\u015bci finansowej wydawane jest w zwi\u0105zku z udzielon\u0105 przez Starost\u0119 Gostyni\u0144skiego licencj\u0105\/zezwoleniem. Za\u015bwiadczenie jest niezb\u0119dne do przed\u0142o\u017cenia w G\u0142\u00f3wnym Inspektoracie Transportu Drogowego \u2013 Biuro ds. Transportu Mi\u0119dzynarodowego w Warszawie.&nbsp;<\/p>\n<p align=\"right\"><a class=\"btn btn-success\" role=\"button\" href=\" http:\/\/ebok.gostynin.powiat.pl\/?page_id=624\">Przejd\u017a do karty us\u0142ugi<\/a><\/p>\n<\/div>\n<\/div>\n<\/div>\n<div class=\"card\">\n<div class=\"card-header\"><a class=\"card-link\" href=\"#collapse5\" data-toggle=\"collapse\">5. Wydanie licencji na wykonywanie transportu drogowego w zakresie po\u015brednictwa przy przewozie rzeczy.<\/a><\/div>\n<div id=\"collapse5\" class=\"collapse\" data-parent=\"#accordion\">\n<div class=\"card-body\">Podj\u0119cie i wykonywanie transportu drogowego w zakresie po\u015brednictwa przy przewozie rzeczy wymaga uzyskania odpowiedniej licencji.&nbsp;<\/p>\n<p align=\"right\"><a class=\"btn btn-success\" role=\"button\" href=\" http:\/\/ebok.gostynin.powiat.pl\/?page_id=820\">Przejd\u017a do karty us\u0142ugi<\/a><\/p>\n<\/div>\n<\/div>\n<\/div>\n<div class=\"card\">\n<div class=\"card-header\"><a class=\"card-link\" href=\"#collapse10\" data-toggle=\"collapse\">6. Wydanie za\u015bwiadczenia na krajowy niezarobkowy przew\u00f3z drogowy os\u00f3b lub rzeczy na potrzeby w\u0142asne.<\/a><\/div>\n<div id=\"collapse10\" class=\"collapse\" data-parent=\"#accordion\">\n<div class=\"card-body\">Prowadzenie transportu jako pomocniczej dzia\u0142alno\u015bci wymaga uzyskania zezwolenia na wykonywanie zawodu przewo\u017anika drogowego w krajowym transporcie drogowym w zakresie przewozu os\u00f3b lub rzeczy.&nbsp;<\/p>\n<p align=\"right\"><a class=\"btn btn-success\" role=\"button\" href=\" http:\/\/ebok.gostynin.powiat.pl\/?page_id=473\">Przejd\u017a do karty us\u0142ugi<\/a><\/p>\n<\/div>\n<\/div>\n<\/div>\n<div class=\"card\">\n<div class=\"card-header\"><a class=\"card-link\" href=\"#collapse12\" data-toggle=\"collapse\">7. Zawiadomienie o zmianie danych do wydanego za\u015bwiadczenia &#8211; krajowy niezarobkowy przew\u00f3z drogowy.<\/a><\/div>\n<div id=\"collapse12\" class=\"collapse\" data-parent=\"#accordion\">\n<div class=\"card-body\">Prowadzenie transportu jako pomocniczej dzia\u0142alno\u015bci wymaga uzyskania zezwolenia na wykonywanie zawodu przewo\u017anika drogowego w krajowym transporcie drogowym w zakresie przewozu os\u00f3b lub rzeczy.&nbsp;<\/p>\n<p align=\"right\"><a class=\"btn btn-success\" role=\"button\" href=\" http:\/\/ebok.gostynin.powiat.pl\/?page_id=866\">Przejd\u017a do karty us\u0142ugi<\/a><\/p>\n<\/div>\n<\/div>\n<\/div>\n<div class=\"card\">\n<div class=\"card-header\"><a class=\"card-link\" href=\"#collapse13\" data-toggle=\"collapse\">8. Zmiana za\u015bwiadczenia na krajowy niezarobkowy przew\u00f3z drogowy os\u00f3b lub rzeczy na potrzeby w\u0142asne.<\/a><\/div>\n<div id=\"collapse13\" class=\"collapse\" data-parent=\"#accordion\">\n<div class=\"card-body\">Prowadzenie transportu jako pomocniczej dzia\u0142alno\u015bci wymaga uzyskania zezwolenia na wykonywanie zawodu przewo\u017anika drogowego w krajowym transporcie drogowym w zakresie przewozu os\u00f3b lub rzeczy.&nbsp;<\/p>\n<p align=\"right\"><a class=\"btn btn-success\" role=\"button\" href=\" http:\/\/ebok.gostynin.powiat.pl\/?page_id=717\">Przejd\u017a do karty us\u0142ugi<\/a><\/p>\n<\/div>\n<\/div>\n<\/div>\n<div class=\"card\">\n<div class=\"card-header\"><a class=\"card-link\" href=\"#collapse14\" data-toggle=\"collapse\">9. O\u015bwiadczenie o liczbie  zatrudnionych os\u00f3b i informacja o \u015bredniej arytmetycznej liczby kierowc\u00f3w.<\/a><\/div>\n<div id=\"collapse14\" class=\"collapse\" data-parent=\"#accordion\">\n<div class=\"card-body\">Ka\u017cdy przedsi\u0119biorca posiadaj\u0105cy zezwolenie na wykonywanie zawodu przewo\u017anika drogowego (licencj\u0119) przedk\u0142ada corocznie organowi, kt\u00f3ry wyda\u0142 w\/w uprawnienie, w terminie do dnia 31 marca roku nast\u0119pnego (art. 7a ust. 8 ustawy o transporcie drogowym).&nbsp;<\/p>\n<p align=\"right\"><a class=\"btn btn-success\" role=\"button\" href=\" http:\/\/ebok.gostynin.powiat.pl\/?page_id=7398\">Przejd\u017a do karty us\u0142ugi<\/a><\/p>\n<\/div>\n<\/div>\n<\/div>\n<p><!-- Nav card koniec--><\/p>\n<\/div>\n<p><!-- Nav tabs koniec--><\/p>\n<\/div>\n","protected":false},"excerpt":{"rendered":"<p>Sprawy dotycz\u0105ce transportu drogowego &nbsp; &nbsp; 1. Wydanie zezwolenia na wykonywanie zawodu przewo\u017anika drogowego w krajowym transporcie drogowym w zakresie przewozu os\u00f3b lub rzeczy. Wykonywanie dzia\u0142alno\u015bci transportowej w Polsce wymaga uzyskania zezwolenia na wykonywanie zawodu przewo\u017anika drogowego. Zezwolenie na wykonywanie zawodu przewo\u017anika drogowego od 15 sierpnia 2013 roku zast\u0119puje dotychczas obowi\u0105zuj\u0105ce licencje.&nbsp; Przejd\u017a do karty [&hellip;]<\/p>\n","protected":false},"author":1,"featured_media":0,"parent":0,"menu_order":0,"comment_status":"closed","ping_status":"closed","template":"fullwidth.php","meta":[],"_links":{"self":[{"href":"http:\/\/ebok.gostynin.powiat.pl\/index.php?rest_route=\/wp\/v2\/pages\/93"}],"collection":[{"href":"http:\/\/ebok.gostynin.powiat.pl\/index.php?rest_route=\/wp\/v2\/pages"}],"about":[{"href":"http:\/\/ebok.gostynin.powiat.pl\/index.php?rest_route=\/wp\/v2\/types\/page"}],"author":[{"embeddable":true,"href":"http:\/\/ebok.gostynin.powiat.pl\/index.php?rest_route=\/wp\/v2\/users\/1"}],"replies":[{"embeddable":true,"href":"http:\/\/ebok.gostynin.powiat.pl\/index.php?rest_route=%2Fwp%2Fv2%2Fcomments&post=93"}],"version-history":[{"count":52,"href":"http:\/\/ebok.gostynin.powiat.pl\/index.php?rest_route=\/wp\/v2\/pages\/93\/revisions"}],"predecessor-version":[{"id":7449,"href":"http:\/\/ebok.gostynin.powiat.pl\/index.php?rest_route=\/wp\/v2\/pages\/93\/revisions\/7449"}],"wp:attachment":[{"href":"http:\/\/ebok.gostynin.powiat.pl\/index.php?rest_route=%2Fwp%2Fv2%2Fmedia&parent=93"}],"curies":[{"name":"wp","href":"https:\/\/api.w.org\/{rel}","templated":true}]}}